{"id":20328,"date":"2024-03-08T08:16:24","date_gmt":"2024-03-08T07:16:24","guid":{"rendered":"https:\/\/dev-ematsa.6tems.es\/coneix-nos\/"},"modified":"2024-05-27T13:58:00","modified_gmt":"2024-05-27T11:58:00","slug":"conocenos","status":"publish","type":"page","link":"https:\/\/dev-ematsa.6tems.es\/es\/conocenos\/","title":{"rendered":"Con\u00f3cenos"},"content":{"rendered":"<p><span style=\"font-weight: 400;\">Desde hace m\u00e1s de 40 a\u00f1os, Ematsa gestiona el ciclo integral del agua, as\u00ed como servicios de Ingenier\u00eda, Obras y Laboratorio. M\u00e1s de 130 personas que comparten el mismo compromiso y responsabilidad para garantizar el suministro de agua de m\u00e1xima calidad con el m\u00ednimo impacto ambiental.<\/span><\/p>\n","protected":false},"excerpt":{"rendered":"<p>Desde hace m\u00e1s de 40 a\u00f1os, Ematsa gestiona el ciclo integral del agua, as\u00ed como servicios de Ingenier\u00eda, Obras y Laboratorio. M\u00e1s de 130 personas que comparten el mismo compromiso y responsabilidad para garantizar el suministro de agua de m\u00e1xima calidad con el m\u00ednimo impacto ambiental.<\/p>\n","protected":false},"author":1,"featured_media":0,"parent":0,"menu_order":0,"comment_status":"closed","ping_status":"closed","template":"page-templates\/categoria.php","meta":{"_acf_changed":false,"footnotes":""},"class_list":["post-20328","page","type-page","status-publish","hentry"],"acf":[],"yoast_head":"<!-- This site is optimized with the Yoast SEO plugin v26.2 - https:\/\/yoast.com\/wordpress\/plugins\/seo\/ -->\n<title>Con\u00f3cenos - EMATSA<\/title>\n<meta name=\"robots\" content=\"noindex, follow, max-snippet:-1, max-image-preview:large, max-video-preview:-1\" \/>\n<meta property=\"og:locale\" content=\"es_ES\" \/>\n<meta property=\"og:type\" content=\"article\" \/>\n<meta property=\"og:title\" content=\"Con\u00f3cenos - EMATSA\" \/>\n<meta property=\"og:description\" content=\"Desde hace m\u00e1s de 40 a\u00f1os, Ematsa gestiona el ciclo integral del agua, as\u00ed como servicios de Ingenier\u00eda, Obras y Laboratorio. M\u00e1s de 130 personas que comparten el mismo compromiso y responsabilidad para garantizar el suministro de agua de m\u00e1xima calidad con el m\u00ednimo impacto ambiental.\" \/>\n<meta property=\"og:url\" content=\"https:\/\/dev-ematsa.6tems.es\/es\/conocenos\/\" \/>\n<meta property=\"og:site_name\" content=\"EMATSA\" \/>\n<meta property=\"article:modified_time\" content=\"2024-05-27T11:58:00+00:00\" \/>\n<meta name=\"twitter:card\" content=\"summary_large_image\" \/>\n<meta name=\"twitter:label1\" content=\"Tiempo de lectura\" \/>\n\t<meta name=\"twitter:data1\" content=\"1 minuto\" \/>\n<script type=\"application\/ld+json\" class=\"yoast-schema-graph\">{\"@context\":\"https:\/\/schema.org\",\"@graph\":[{\"@type\":\"WebPage\",\"@id\":\"https:\/\/dev-ematsa.6tems.es\/es\/conocenos\/\",\"url\":\"https:\/\/dev-ematsa.6tems.es\/es\/conocenos\/\",\"name\":\"Con\u00f3cenos - EMATSA\",\"isPartOf\":{\"@id\":\"https:\/\/dev-ematsa.6tems.es\/#website\"},\"datePublished\":\"2024-03-08T07:16:24+00:00\",\"dateModified\":\"2024-05-27T11:58:00+00:00\",\"breadcrumb\":{\"@id\":\"https:\/\/dev-ematsa.6tems.es\/es\/conocenos\/#breadcrumb\"},\"inLanguage\":\"es\",\"potentialAction\":[{\"@type\":\"ReadAction\",\"target\":[\"https:\/\/dev-ematsa.6tems.es\/es\/conocenos\/\"]}]},{\"@type\":\"BreadcrumbList\",\"@id\":\"https:\/\/dev-ematsa.6tems.es\/es\/conocenos\/#breadcrumb\",\"itemListElement\":[{\"@type\":\"ListItem\",\"position\":1,\"name\":\"Inici\",\"item\":\"https:\/\/dev-ematsa.6tems.es\/es\/\"},{\"@type\":\"ListItem\",\"position\":2,\"name\":\"Con\u00f3cenos\"}]},{\"@type\":\"WebSite\",\"@id\":\"https:\/\/dev-ematsa.6tems.es\/#website\",\"url\":\"https:\/\/dev-ematsa.6tems.es\/\",\"name\":\"EMATSA\",\"description\":\"\",\"potentialAction\":[{\"@type\":\"SearchAction\",\"target\":{\"@type\":\"EntryPoint\",\"urlTemplate\":\"https:\/\/dev-ematsa.6tems.es\/?s={search_term_string}\"},\"query-input\":{\"@type\":\"PropertyValueSpecification\",\"valueRequired\":true,\"valueName\":\"search_term_string\"}}],\"inLanguage\":\"es\"}]}<\/script>\n<!-- \/ Yoast SEO plugin. -->","yoast_head_json":{"title":"Con\u00f3cenos - EMATSA","robots":{"index":"noindex","follow":"follow","max-snippet":"max-snippet:-1","max-image-preview":"max-image-preview:large","max-video-preview":"max-video-preview:-1"},"og_locale":"es_ES","og_type":"article","og_title":"Con\u00f3cenos - EMATSA","og_description":"Desde hace m\u00e1s de 40 a\u00f1os, Ematsa gestiona el ciclo integral del agua, as\u00ed como servicios de Ingenier\u00eda, Obras y Laboratorio. M\u00e1s de 130 personas que comparten el mismo compromiso y responsabilidad para garantizar el suministro de agua de m\u00e1xima calidad con el m\u00ednimo impacto ambiental.","og_url":"https:\/\/dev-ematsa.6tems.es\/es\/conocenos\/","og_site_name":"EMATSA","article_modified_time":"2024-05-27T11:58:00+00:00","twitter_card":"summary_large_image","twitter_misc":{"Tiempo de lectura":"1 minuto"},"schema":{"@context":"https:\/\/schema.org","@graph":[{"@type":"WebPage","@id":"https:\/\/dev-ematsa.6tems.es\/es\/conocenos\/","url":"https:\/\/dev-ematsa.6tems.es\/es\/conocenos\/","name":"Con\u00f3cenos - EMATSA","isPartOf":{"@id":"https:\/\/dev-ematsa.6tems.es\/#website"},"datePublished":"2024-03-08T07:16:24+00:00","dateModified":"2024-05-27T11:58:00+00:00","breadcrumb":{"@id":"https:\/\/dev-ematsa.6tems.es\/es\/conocenos\/#breadcrumb"},"inLanguage":"es","potentialAction":[{"@type":"ReadAction","target":["https:\/\/dev-ematsa.6tems.es\/es\/conocenos\/"]}]},{"@type":"BreadcrumbList","@id":"https:\/\/dev-ematsa.6tems.es\/es\/conocenos\/#breadcrumb","itemListElement":[{"@type":"ListItem","position":1,"name":"Inici","item":"https:\/\/dev-ematsa.6tems.es\/es\/"},{"@type":"ListItem","position":2,"name":"Con\u00f3cenos"}]},{"@type":"WebSite","@id":"https:\/\/dev-ematsa.6tems.es\/#website","url":"https:\/\/dev-ematsa.6tems.es\/","name":"EMATSA","description":"","potentialAction":[{"@type":"SearchAction","target":{"@type":"EntryPoint","urlTemplate":"https:\/\/dev-ematsa.6tems.es\/?s={search_term_string}"},"query-input":{"@type":"PropertyValueSpecification","valueRequired":true,"valueName":"search_term_string"}}],"inLanguage":"es"}]}},"_links":{"self":[{"href":"https:\/\/dev-ematsa.6tems.es\/es\/wp-json\/wp\/v2\/pages\/20328","targetHints":{"allow":["GET"]}}],"collection":[{"href":"https:\/\/dev-ematsa.6tems.es\/es\/wp-json\/wp\/v2\/pages"}],"about":[{"href":"https:\/\/dev-ematsa.6tems.es\/es\/wp-json\/wp\/v2\/types\/page"}],"author":[{"embeddable":true,"href":"https:\/\/dev-ematsa.6tems.es\/es\/wp-json\/wp\/v2\/users\/1"}],"replies":[{"embeddable":true,"href":"https:\/\/dev-ematsa.6tems.es\/es\/wp-json\/wp\/v2\/comments?post=20328"}],"version-history":[{"count":1,"href":"https:\/\/dev-ematsa.6tems.es\/es\/wp-json\/wp\/v2\/pages\/20328\/revisions"}],"predecessor-version":[{"id":20329,"href":"https:\/\/dev-ematsa.6tems.es\/es\/wp-json\/wp\/v2\/pages\/20328\/revisions\/20329"}],"wp:attachment":[{"href":"https:\/\/dev-ematsa.6tems.es\/es\/wp-json\/wp\/v2\/media?parent=20328"}],"curies":[{"name":"wp","href":"https:\/\/api.w.org\/{rel}","templated":true}]}}