{"id":20439,"date":"2024-03-08T08:16:49","date_gmt":"2024-03-08T07:16:49","guid":{"rendered":"https:\/\/dev-ematsa.6tems.es\/la-teva-aigua\/"},"modified":"2024-05-28T12:17:43","modified_gmt":"2024-05-28T10:17:43","slug":"tu-agua","status":"publish","type":"page","link":"https:\/\/dev-ematsa.6tems.es\/es\/tu-agua\/","title":{"rendered":"Tu agua"},"content":{"rendered":"<p>Un r\u00edo, m\u00e1s de 145 mil personas, 10 millones de litros de agua diarios. \u00bfC\u00f3mo llega el agua a tu casa? \u00bfC\u00f3mo se devuelve al medio natural?<\/p>\n<p>Desde hace m\u00e1s de 40 a\u00f1os, en EMATSA aseguramos la correcta gesti\u00f3n del agua desde su captaci\u00f3n hasta que llega a tu casa con respeto por el medio ambiente y garantizando que el agua llegue en perfectas condiciones.<\/p>\n<p>El agua no termina su recorrido cuando sale del grifo. En Ematsa tambi\u00e9n nos encargamos de depurar el agua residual, antes de devolverla al medio natural e iniciar de nuevo todo el ciclo.<\/p>\n","protected":false},"excerpt":{"rendered":"<p>Un r\u00edo, m\u00e1s de 145 mil personas, 10 millones de litros de agua diarios. \u00bfC\u00f3mo llega el agua a tu casa? \u00bfC\u00f3mo se devuelve al medio natural? Desde hace m\u00e1s de 40 a\u00f1os, en EMATSA aseguramos la correcta gesti\u00f3n del agua desde su captaci\u00f3n hasta que llega a tu casa con respeto por el medio (&#8230;)<\/p>\n","protected":false},"author":1,"featured_media":0,"parent":0,"menu_order":0,"comment_status":"closed","ping_status":"closed","template":"page-templates\/categoria.php","meta":{"_acf_changed":false,"footnotes":""},"class_list":["post-20439","page","type-page","status-publish","hentry"],"acf":[],"yoast_head":"<!-- This site is optimized with the Yoast SEO plugin v26.2 - https:\/\/yoast.com\/wordpress\/plugins\/seo\/ -->\n<title>Tu agua - EMATSA<\/title>\n<meta name=\"robots\" content=\"noindex, follow, max-snippet:-1, max-image-preview:large, max-video-preview:-1\" \/>\n<meta property=\"og:locale\" content=\"es_ES\" \/>\n<meta property=\"og:type\" content=\"article\" \/>\n<meta property=\"og:title\" content=\"Tu agua - EMATSA\" \/>\n<meta property=\"og:description\" content=\"Un r\u00edo, m\u00e1s de 145 mil personas, 10 millones de litros de agua diarios. \u00bfC\u00f3mo llega el agua a tu casa? \u00bfC\u00f3mo se devuelve al medio natural? Desde hace m\u00e1s de 40 a\u00f1os, en EMATSA aseguramos la correcta gesti\u00f3n del agua desde su captaci\u00f3n hasta que llega a tu casa con respeto por el medio (...)\" \/>\n<meta property=\"og:url\" content=\"https:\/\/dev-ematsa.6tems.es\/es\/tu-agua\/\" \/>\n<meta property=\"og:site_name\" content=\"EMATSA\" \/>\n<meta property=\"article:modified_time\" content=\"2024-05-28T10:17:43+00:00\" \/>\n<meta name=\"twitter:card\" content=\"summary_large_image\" \/>\n<meta name=\"twitter:label1\" content=\"Tiempo de lectura\" \/>\n\t<meta name=\"twitter:data1\" content=\"1 minuto\" \/>\n<script type=\"application\/ld+json\" class=\"yoast-schema-graph\">{\"@context\":\"https:\/\/schema.org\",\"@graph\":[{\"@type\":\"WebPage\",\"@id\":\"https:\/\/dev-ematsa.6tems.es\/es\/tu-agua\/\",\"url\":\"https:\/\/dev-ematsa.6tems.es\/es\/tu-agua\/\",\"name\":\"Tu agua - EMATSA\",\"isPartOf\":{\"@id\":\"https:\/\/dev-ematsa.6tems.es\/#website\"},\"datePublished\":\"2024-03-08T07:16:49+00:00\",\"dateModified\":\"2024-05-28T10:17:43+00:00\",\"breadcrumb\":{\"@id\":\"https:\/\/dev-ematsa.6tems.es\/es\/tu-agua\/#breadcrumb\"},\"inLanguage\":\"es\",\"potentialAction\":[{\"@type\":\"ReadAction\",\"target\":[\"https:\/\/dev-ematsa.6tems.es\/es\/tu-agua\/\"]}]},{\"@type\":\"BreadcrumbList\",\"@id\":\"https:\/\/dev-ematsa.6tems.es\/es\/tu-agua\/#breadcrumb\",\"itemListElement\":[{\"@type\":\"ListItem\",\"position\":1,\"name\":\"Inici\",\"item\":\"https:\/\/dev-ematsa.6tems.es\/es\/\"},{\"@type\":\"ListItem\",\"position\":2,\"name\":\"Tu agua\"}]},{\"@type\":\"WebSite\",\"@id\":\"https:\/\/dev-ematsa.6tems.es\/#website\",\"url\":\"https:\/\/dev-ematsa.6tems.es\/\",\"name\":\"EMATSA\",\"description\":\"\",\"potentialAction\":[{\"@type\":\"SearchAction\",\"target\":{\"@type\":\"EntryPoint\",\"urlTemplate\":\"https:\/\/dev-ematsa.6tems.es\/?s={search_term_string}\"},\"query-input\":{\"@type\":\"PropertyValueSpecification\",\"valueRequired\":true,\"valueName\":\"search_term_string\"}}],\"inLanguage\":\"es\"}]}<\/script>\n<!-- \/ Yoast SEO plugin. -->","yoast_head_json":{"title":"Tu agua - EMATSA","robots":{"index":"noindex","follow":"follow","max-snippet":"max-snippet:-1","max-image-preview":"max-image-preview:large","max-video-preview":"max-video-preview:-1"},"og_locale":"es_ES","og_type":"article","og_title":"Tu agua - EMATSA","og_description":"Un r\u00edo, m\u00e1s de 145 mil personas, 10 millones de litros de agua diarios. \u00bfC\u00f3mo llega el agua a tu casa? \u00bfC\u00f3mo se devuelve al medio natural? Desde hace m\u00e1s de 40 a\u00f1os, en EMATSA aseguramos la correcta gesti\u00f3n del agua desde su captaci\u00f3n hasta que llega a tu casa con respeto por el medio (...)","og_url":"https:\/\/dev-ematsa.6tems.es\/es\/tu-agua\/","og_site_name":"EMATSA","article_modified_time":"2024-05-28T10:17:43+00:00","twitter_card":"summary_large_image","twitter_misc":{"Tiempo de lectura":"1 minuto"},"schema":{"@context":"https:\/\/schema.org","@graph":[{"@type":"WebPage","@id":"https:\/\/dev-ematsa.6tems.es\/es\/tu-agua\/","url":"https:\/\/dev-ematsa.6tems.es\/es\/tu-agua\/","name":"Tu agua - EMATSA","isPartOf":{"@id":"https:\/\/dev-ematsa.6tems.es\/#website"},"datePublished":"2024-03-08T07:16:49+00:00","dateModified":"2024-05-28T10:17:43+00:00","breadcrumb":{"@id":"https:\/\/dev-ematsa.6tems.es\/es\/tu-agua\/#breadcrumb"},"inLanguage":"es","potentialAction":[{"@type":"ReadAction","target":["https:\/\/dev-ematsa.6tems.es\/es\/tu-agua\/"]}]},{"@type":"BreadcrumbList","@id":"https:\/\/dev-ematsa.6tems.es\/es\/tu-agua\/#breadcrumb","itemListElement":[{"@type":"ListItem","position":1,"name":"Inici","item":"https:\/\/dev-ematsa.6tems.es\/es\/"},{"@type":"ListItem","position":2,"name":"Tu agua"}]},{"@type":"WebSite","@id":"https:\/\/dev-ematsa.6tems.es\/#website","url":"https:\/\/dev-ematsa.6tems.es\/","name":"EMATSA","description":"","potentialAction":[{"@type":"SearchAction","target":{"@type":"EntryPoint","urlTemplate":"https:\/\/dev-ematsa.6tems.es\/?s={search_term_string}"},"query-input":{"@type":"PropertyValueSpecification","valueRequired":true,"valueName":"search_term_string"}}],"inLanguage":"es"}]}},"_links":{"self":[{"href":"https:\/\/dev-ematsa.6tems.es\/es\/wp-json\/wp\/v2\/pages\/20439","targetHints":{"allow":["GET"]}}],"collection":[{"href":"https:\/\/dev-ematsa.6tems.es\/es\/wp-json\/wp\/v2\/pages"}],"about":[{"href":"https:\/\/dev-ematsa.6tems.es\/es\/wp-json\/wp\/v2\/types\/page"}],"author":[{"embeddable":true,"href":"https:\/\/dev-ematsa.6tems.es\/es\/wp-json\/wp\/v2\/users\/1"}],"replies":[{"embeddable":true,"href":"https:\/\/dev-ematsa.6tems.es\/es\/wp-json\/wp\/v2\/comments?post=20439"}],"version-history":[{"count":1,"href":"https:\/\/dev-ematsa.6tems.es\/es\/wp-json\/wp\/v2\/pages\/20439\/revisions"}],"predecessor-version":[{"id":20440,"href":"https:\/\/dev-ematsa.6tems.es\/es\/wp-json\/wp\/v2\/pages\/20439\/revisions\/20440"}],"wp:attachment":[{"href":"https:\/\/dev-ematsa.6tems.es\/es\/wp-json\/wp\/v2\/media?parent=20439"}],"curies":[{"name":"wp","href":"https:\/\/api.w.org\/{rel}","templated":true}]}}