{"id":20482,"date":"2024-03-08T11:59:12","date_gmt":"2024-03-08T10:59:12","guid":{"rendered":"https:\/\/dev-ematsa.6tems.es\/politica-de-cookies\/"},"modified":"2025-02-14T11:37:19","modified_gmt":"2025-02-14T10:37:19","slug":"politica-de-cookies","status":"publish","type":"page","link":"https:\/\/dev-ematsa.6tems.es\/es\/politica-de-cookies\/","title":{"rendered":"Pol\u00edtica de cookies"},"content":{"rendered":"<p>En cumplimiento del art\u00edculo 22 de la Ley de Servicios de la Sociedad de la Informaci\u00f3n y Comercio Electr\u00f3nico y la Gu\u00eda del uso de las Cookies de la AEPD, le informamos que este portal web utiliza cookies.<\/p>\n<h2>\u00bfQu\u00e9 son las cookies?<\/h2>\n<p>Las Cookies son archivos que se instalan en el sitio web del navegador o en los dispositivos (smartphones, tablet) del usuario durante su recorrido por las p\u00e1ginas del sitio web y sirven para almacenar informaci\u00f3n sobre su visita.<\/p>\n<p>Se utilizan Cookies por:<\/p>\n<ul>\n<li>Asegurar que las p\u00e1ginas web puedan funcionar correctamente.<\/li>\n<li>Almacenar las preferencias, como el idioma o el tama\u00f1o de la letra.<\/li>\n<li>Conocer la experiencia de navegaci\u00f3n del usuario.<\/li>\n<li>Recopilar informaci\u00f3n estad\u00edstica an\u00f3nima, como qu\u00e9 p\u00e1ginas ha visitado el usuario o cu\u00e1nto tiempo ha estado en el sitio web.<\/li>\n<\/ul>\n<p>El uso de las Cookies permite optimizar la navegaci\u00f3n, dando la informaci\u00f3n y servicios ofrecidos a los intereses de los usuarios, para proporcionarle una mejor experiencia siempre que visite el sitio web.<\/p>\n<p>Mediante el uso de nuestras cookies no se llevan a cabo elaboraci\u00f3n de perfiles ni tratamiento que impliquen decisiones automatizadas con efectos jur\u00eddicos para el usuario o que le afecten significativamente de forma similar.<\/p>\n<p>&nbsp;<\/p>\n<h2>Transferencia internacional de datos<\/h2>\n<p>No se realizan transferencias internacionales de datos personales.<\/p>\n<p>Aunque la informaci\u00f3n extra\u00edda de las cookies anal\u00edticas se transfieran fuera del Espacio Econ\u00f3mico Europeo (Youtube, Google), no se realiza una transferencia internacional de datos personales, ya que esta informaci\u00f3n no permite identificar a los usuarios ni se utiliza para a distinguir a unos usuarios de otros ni se realiza un seguimiento individualizado de los mismos.<\/p>\n<h2><\/h2>\n<h2>\u00bfC\u00f3mo administrar las cookies?<\/h2>\n<p>La instalaci\u00f3n de cookies se realiza siempre y cuando el usuario autorice.<\/p>\n<p>La instalaci\u00f3n de cookies se realiza \u00fanicamente cuando el usuario ACEPTA el uso de las mismas en el primer acceso al portal web mediante una ventana peque\u00f1a informativa, donde podr\u00e1 configurar la aceptaci\u00f3n de las cookies que no sean imprescindibles para el funcionamiento de la web.<\/p>\n<p>El usuario en cualquier momento puede denegar o revocar su consentimiento para el uso de cookies mediante el bot\u00f3n de gesti\u00f3n de las cookies situado en la parte inferior del portal o en las opciones de su navegador.<\/p>\n<p>Las instrucciones para la gesti\u00f3n de cookies de los navegadores m\u00e1s habituales se pueden encontrar en los siguientes enlaces:<\/p>\n<ul>\n<li><a href=\"https:\/\/support.google.com\/chrome\/answer\/95647?hl=ca\" target=\"_blank\" rel=\"noopener\">Google Chrome.<\/a><\/li>\n<li><a href=\"https:\/\/support.mozilla.org\/ca\/kb\/enable-and-disable-cookies-website-preferences\" target=\"_blank\" rel=\"noopener\">Mozilla Firefox.<\/a><\/li>\n<li><a href=\"https:\/\/support.microsoft.com\/es-es\/windows\/eliminar-y-administrar-cookies-168dab11-0753-043d-7c16-ede5947fc64d\" target=\"_blank\" rel=\"noopener\">Internet Explorer.<\/a><\/li>\n<li><a href=\"https:\/\/support.apple.com\/es-es\/guide\/safari\/sfri11471\/mac\" target=\"_blank\" rel=\"noopener\">Safari<\/a><\/li>\n<li><a href=\"https:\/\/allaboutcookies.org\/es-administrar-las-cookies-en-opera\">Opera<\/a><\/li>\n<\/ul>\n<p>En caso de que utilice otros navegadores o plataformas, por favor, consulte la documentaci\u00f3n espec\u00edfica suministrada por la empresa desarrolladora del navegador.<\/p>\n<p>Si bloquea el uso de cookies en su navegador es posible que algunos servicios o funcionalidades de la p\u00e1gina web no est\u00e9n disponibles.<\/p>\n<p>Su consentimiento se aplica a los siguientes dominios: www.ematsa.cat<\/p>\n<div class=\"CookieDeclarationType\" dir=\"ltr\" lang=\"ca\">\n<p>&nbsp;<\/p>\n<\/div>\n<div class=\"cky-audit-table-element\"><\/div>\n<p><code><p id=\"matomo_opted_out_intro\" style=\"display:none;\">Opt-out completado; sus visitas a este sitio de internet no ser\u00e1n grabadas por la herramienta de An\u00e1lisis de internet. Tenga en cuenta que si elimina sus cookies, elimina la cookie opt-out, o si cambia de ordenador o navegador, deber\u00e1 llevar a cabo el procedimiento opt-out otra vez.<\/p><p id=\"matomo_opted_in_intro\" >Puede optar por evitar que este sitio web agregue y analice las acciones que realiza aqu\u00ed. Al hacerlo, proteger\u00e1 su privacidad, pero tambi\u00e9n evitar\u00e1 que el propietario aprenda de sus acciones y cree una mejor experiencia para usted y dem\u00e1s usuarios.<\/p><form>\n        <input type=\"checkbox\" id=\"matomo_optout_checkbox\" checked=\"checked\"\/>\n        <label for=\"matomo_optout_checkbox\"><strong>\n        <span id=\"matomo_opted_in_label\" >No est\u00e1 excluido. Desactive esta casilla para no participar.<\/span>\n\t\t<span id=\"matomo_opted_out_label\" style=\"display:none;\">Actualmente est\u00e1 siendo excluido. Marque esta casilla para adherirse.<\/span>\n        <\/strong><\/label><\/form><noscript><p><strong style=\"color: #ff0000;\">This opt out feature requires JavaScript.<\/strong><\/p><\/noscript><p id=\"matomo_outout_err_cookies\" style=\"display: none;\"><strong>La caracter\u00edstica de seguimiento opt-out requiere de cookies para poder habilitarla.<\/strong><\/p><\/code><\/p>\n","protected":false},"excerpt":{"rendered":"<p>En cumplimiento del art\u00edculo 22 de la Ley de Servicios de la Sociedad de la Informaci\u00f3n y Comercio Electr\u00f3nico y la Gu\u00eda del uso de las Cookies de la AEPD, le informamos que este portal web utiliza cookies. \u00bfQu\u00e9 son las cookies? Las Cookies son archivos que se instalan en el sitio web del navegador (&#8230;)<\/p>\n","protected":false},"author":1,"featured_media":0,"parent":0,"menu_order":0,"comment_status":"closed","ping_status":"closed","template":"","meta":{"_acf_changed":false,"footnotes":""},"class_list":["post-20482","page","type-page","status-publish","hentry"],"acf":[],"yoast_head":"<!-- This site is optimized with the Yoast SEO plugin v26.2 - https:\/\/yoast.com\/wordpress\/plugins\/seo\/ -->\n<title>Pol\u00edtica de cookies - EMATSA<\/title>\n<meta name=\"robots\" content=\"noindex, follow, max-snippet:-1, max-image-preview:large, max-video-preview:-1\" \/>\n<meta property=\"og:locale\" content=\"es_ES\" \/>\n<meta property=\"og:type\" content=\"article\" \/>\n<meta property=\"og:title\" content=\"Pol\u00edtica de cookies - EMATSA\" \/>\n<meta property=\"og:description\" content=\"En cumplimiento del art\u00edculo 22 de la Ley de Servicios de la Sociedad de la Informaci\u00f3n y Comercio Electr\u00f3nico y la Gu\u00eda del uso de las Cookies de la AEPD, le informamos que este portal web utiliza cookies. \u00bfQu\u00e9 son las cookies? Las Cookies son archivos que se instalan en el sitio web del navegador (...)\" \/>\n<meta property=\"og:url\" content=\"https:\/\/dev-ematsa.6tems.es\/es\/politica-de-cookies\/\" \/>\n<meta property=\"og:site_name\" content=\"EMATSA\" \/>\n<meta property=\"article:modified_time\" content=\"2025-02-14T10:37:19+00:00\" \/>\n<meta name=\"twitter:card\" content=\"summary_large_image\" \/>\n<meta name=\"twitter:label1\" content=\"Tiempo de lectura\" \/>\n\t<meta name=\"twitter:data1\" content=\"3 minutos\" \/>\n<script type=\"application\/ld+json\" class=\"yoast-schema-graph\">{\"@context\":\"https:\/\/schema.org\",\"@graph\":[{\"@type\":\"WebPage\",\"@id\":\"https:\/\/dev-ematsa.6tems.es\/es\/politica-de-cookies\/\",\"url\":\"https:\/\/dev-ematsa.6tems.es\/es\/politica-de-cookies\/\",\"name\":\"Pol\u00edtica de cookies - EMATSA\",\"isPartOf\":{\"@id\":\"https:\/\/dev-ematsa.6tems.es\/#website\"},\"datePublished\":\"2024-03-08T10:59:12+00:00\",\"dateModified\":\"2025-02-14T10:37:19+00:00\",\"breadcrumb\":{\"@id\":\"https:\/\/dev-ematsa.6tems.es\/es\/politica-de-cookies\/#breadcrumb\"},\"inLanguage\":\"es\",\"potentialAction\":[{\"@type\":\"ReadAction\",\"target\":[\"https:\/\/dev-ematsa.6tems.es\/es\/politica-de-cookies\/\"]}]},{\"@type\":\"BreadcrumbList\",\"@id\":\"https:\/\/dev-ematsa.6tems.es\/es\/politica-de-cookies\/#breadcrumb\",\"itemListElement\":[{\"@type\":\"ListItem\",\"position\":1,\"name\":\"Inici\",\"item\":\"https:\/\/dev-ematsa.6tems.es\/es\/\"},{\"@type\":\"ListItem\",\"position\":2,\"name\":\"Pol\u00edtica de cookies\"}]},{\"@type\":\"WebSite\",\"@id\":\"https:\/\/dev-ematsa.6tems.es\/#website\",\"url\":\"https:\/\/dev-ematsa.6tems.es\/\",\"name\":\"EMATSA\",\"description\":\"\",\"potentialAction\":[{\"@type\":\"SearchAction\",\"target\":{\"@type\":\"EntryPoint\",\"urlTemplate\":\"https:\/\/dev-ematsa.6tems.es\/?s={search_term_string}\"},\"query-input\":{\"@type\":\"PropertyValueSpecification\",\"valueRequired\":true,\"valueName\":\"search_term_string\"}}],\"inLanguage\":\"es\"}]}<\/script>\n<!-- \/ Yoast SEO plugin. -->","yoast_head_json":{"title":"Pol\u00edtica de cookies - EMATSA","robots":{"index":"noindex","follow":"follow","max-snippet":"max-snippet:-1","max-image-preview":"max-image-preview:large","max-video-preview":"max-video-preview:-1"},"og_locale":"es_ES","og_type":"article","og_title":"Pol\u00edtica de cookies - EMATSA","og_description":"En cumplimiento del art\u00edculo 22 de la Ley de Servicios de la Sociedad de la Informaci\u00f3n y Comercio Electr\u00f3nico y la Gu\u00eda del uso de las Cookies de la AEPD, le informamos que este portal web utiliza cookies. \u00bfQu\u00e9 son las cookies? Las Cookies son archivos que se instalan en el sitio web del navegador (...)","og_url":"https:\/\/dev-ematsa.6tems.es\/es\/politica-de-cookies\/","og_site_name":"EMATSA","article_modified_time":"2025-02-14T10:37:19+00:00","twitter_card":"summary_large_image","twitter_misc":{"Tiempo de lectura":"3 minutos"},"schema":{"@context":"https:\/\/schema.org","@graph":[{"@type":"WebPage","@id":"https:\/\/dev-ematsa.6tems.es\/es\/politica-de-cookies\/","url":"https:\/\/dev-ematsa.6tems.es\/es\/politica-de-cookies\/","name":"Pol\u00edtica de cookies - EMATSA","isPartOf":{"@id":"https:\/\/dev-ematsa.6tems.es\/#website"},"datePublished":"2024-03-08T10:59:12+00:00","dateModified":"2025-02-14T10:37:19+00:00","breadcrumb":{"@id":"https:\/\/dev-ematsa.6tems.es\/es\/politica-de-cookies\/#breadcrumb"},"inLanguage":"es","potentialAction":[{"@type":"ReadAction","target":["https:\/\/dev-ematsa.6tems.es\/es\/politica-de-cookies\/"]}]},{"@type":"BreadcrumbList","@id":"https:\/\/dev-ematsa.6tems.es\/es\/politica-de-cookies\/#breadcrumb","itemListElement":[{"@type":"ListItem","position":1,"name":"Inici","item":"https:\/\/dev-ematsa.6tems.es\/es\/"},{"@type":"ListItem","position":2,"name":"Pol\u00edtica de cookies"}]},{"@type":"WebSite","@id":"https:\/\/dev-ematsa.6tems.es\/#website","url":"https:\/\/dev-ematsa.6tems.es\/","name":"EMATSA","description":"","potentialAction":[{"@type":"SearchAction","target":{"@type":"EntryPoint","urlTemplate":"https:\/\/dev-ematsa.6tems.es\/?s={search_term_string}"},"query-input":{"@type":"PropertyValueSpecification","valueRequired":true,"valueName":"search_term_string"}}],"inLanguage":"es"}]}},"_links":{"self":[{"href":"https:\/\/dev-ematsa.6tems.es\/es\/wp-json\/wp\/v2\/pages\/20482","targetHints":{"allow":["GET"]}}],"collection":[{"href":"https:\/\/dev-ematsa.6tems.es\/es\/wp-json\/wp\/v2\/pages"}],"about":[{"href":"https:\/\/dev-ematsa.6tems.es\/es\/wp-json\/wp\/v2\/types\/page"}],"author":[{"embeddable":true,"href":"https:\/\/dev-ematsa.6tems.es\/es\/wp-json\/wp\/v2\/users\/1"}],"replies":[{"embeddable":true,"href":"https:\/\/dev-ematsa.6tems.es\/es\/wp-json\/wp\/v2\/comments?post=20482"}],"version-history":[{"count":5,"href":"https:\/\/dev-ematsa.6tems.es\/es\/wp-json\/wp\/v2\/pages\/20482\/revisions"}],"predecessor-version":[{"id":22547,"href":"https:\/\/dev-ematsa.6tems.es\/es\/wp-json\/wp\/v2\/pages\/20482\/revisions\/22547"}],"wp:attachment":[{"href":"https:\/\/dev-ematsa.6tems.es\/es\/wp-json\/wp\/v2\/media?parent=20482"}],"curies":[{"name":"wp","href":"https:\/\/api.w.org\/{rel}","templated":true}]}}