{"id":20501,"date":"2024-03-08T08:16:36","date_gmt":"2024-03-08T07:16:36","guid":{"rendered":"https:\/\/dev-ematsa.6tems.es?page_id=20501"},"modified":"2024-05-28T15:49:54","modified_gmt":"2024-05-28T13:49:54","slug":"tu-servicio","status":"publish","type":"page","link":"https:\/\/dev-ematsa.6tems.es\/es\/tu-servicio\/","title":{"rendered":"Tu servicio"},"content":{"rendered":"<p>Estamos contigo las 24 horas del d\u00eda, los 365 d\u00edas del a\u00f1o. Si tienes cualquier duda, sugerencia o comentario sobre nuestro servicio o quieres realizar cualquier tipo de gesti\u00f3n administrativa.<\/p>\n<p>Conoce la normativa que regula el servicio de abastecimiento de su municipio. El Reglamento del servicio de abastecimiento de agua potable ordena el servicio p\u00fablico de abastecimiento de agua en todo el t\u00e9rmino, tanto en lo que se refiere al t\u00e9rmino municipal de Tarragona como al de Els Pallaresos.<\/p>\n","protected":false},"excerpt":{"rendered":"<p>Estamos contigo las 24 horas del d\u00eda, los 365 d\u00edas del a\u00f1o. Si tienes cualquier duda, sugerencia o comentario sobre nuestro servicio o quieres realizar cualquier tipo de gesti\u00f3n administrativa. Conoce la normativa que regula el servicio de abastecimiento de su municipio. El Reglamento del servicio de abastecimiento de agua potable ordena el servicio p\u00fablico (&#8230;)<\/p>\n","protected":false},"author":1,"featured_media":0,"parent":0,"menu_order":0,"comment_status":"closed","ping_status":"closed","template":"page-templates\/categoria.php","meta":{"_acf_changed":false,"footnotes":""},"class_list":["post-20501","page","type-page","status-publish","hentry"],"acf":[],"yoast_head":"<!-- This site is optimized with the Yoast SEO plugin v26.2 - https:\/\/yoast.com\/wordpress\/plugins\/seo\/ -->\n<title>Tu servicio - EMATSA<\/title>\n<meta name=\"robots\" content=\"noindex, follow, max-snippet:-1, max-image-preview:large, max-video-preview:-1\" \/>\n<meta property=\"og:locale\" content=\"es_ES\" \/>\n<meta property=\"og:type\" content=\"article\" \/>\n<meta property=\"og:title\" content=\"Tu servicio - EMATSA\" \/>\n<meta property=\"og:description\" content=\"Estamos contigo las 24 horas del d\u00eda, los 365 d\u00edas del a\u00f1o. Si tienes cualquier duda, sugerencia o comentario sobre nuestro servicio o quieres realizar cualquier tipo de gesti\u00f3n administrativa. Conoce la normativa que regula el servicio de abastecimiento de su municipio. El Reglamento del servicio de abastecimiento de agua potable ordena el servicio p\u00fablico (...)\" \/>\n<meta property=\"og:url\" content=\"https:\/\/dev-ematsa.6tems.es\/es\/tu-servicio\/\" \/>\n<meta property=\"og:site_name\" content=\"EMATSA\" \/>\n<meta property=\"article:modified_time\" content=\"2024-05-28T13:49:54+00:00\" \/>\n<meta name=\"twitter:card\" content=\"summary_large_image\" \/>\n<meta name=\"twitter:label1\" content=\"Tiempo de lectura\" \/>\n\t<meta name=\"twitter:data1\" content=\"1 minuto\" \/>\n<script type=\"application\/ld+json\" class=\"yoast-schema-graph\">{\"@context\":\"https:\/\/schema.org\",\"@graph\":[{\"@type\":\"WebPage\",\"@id\":\"https:\/\/dev-ematsa.6tems.es\/es\/tu-servicio\/\",\"url\":\"https:\/\/dev-ematsa.6tems.es\/es\/tu-servicio\/\",\"name\":\"Tu servicio - EMATSA\",\"isPartOf\":{\"@id\":\"https:\/\/dev-ematsa.6tems.es\/#website\"},\"datePublished\":\"2024-03-08T07:16:36+00:00\",\"dateModified\":\"2024-05-28T13:49:54+00:00\",\"breadcrumb\":{\"@id\":\"https:\/\/dev-ematsa.6tems.es\/es\/tu-servicio\/#breadcrumb\"},\"inLanguage\":\"es\",\"potentialAction\":[{\"@type\":\"ReadAction\",\"target\":[\"https:\/\/dev-ematsa.6tems.es\/es\/tu-servicio\/\"]}]},{\"@type\":\"BreadcrumbList\",\"@id\":\"https:\/\/dev-ematsa.6tems.es\/es\/tu-servicio\/#breadcrumb\",\"itemListElement\":[{\"@type\":\"ListItem\",\"position\":1,\"name\":\"Inici\",\"item\":\"https:\/\/dev-ematsa.6tems.es\/es\/\"},{\"@type\":\"ListItem\",\"position\":2,\"name\":\"Tu servicio\"}]},{\"@type\":\"WebSite\",\"@id\":\"https:\/\/dev-ematsa.6tems.es\/#website\",\"url\":\"https:\/\/dev-ematsa.6tems.es\/\",\"name\":\"EMATSA\",\"description\":\"\",\"potentialAction\":[{\"@type\":\"SearchAction\",\"target\":{\"@type\":\"EntryPoint\",\"urlTemplate\":\"https:\/\/dev-ematsa.6tems.es\/?s={search_term_string}\"},\"query-input\":{\"@type\":\"PropertyValueSpecification\",\"valueRequired\":true,\"valueName\":\"search_term_string\"}}],\"inLanguage\":\"es\"}]}<\/script>\n<!-- \/ Yoast SEO plugin. -->","yoast_head_json":{"title":"Tu servicio - EMATSA","robots":{"index":"noindex","follow":"follow","max-snippet":"max-snippet:-1","max-image-preview":"max-image-preview:large","max-video-preview":"max-video-preview:-1"},"og_locale":"es_ES","og_type":"article","og_title":"Tu servicio - EMATSA","og_description":"Estamos contigo las 24 horas del d\u00eda, los 365 d\u00edas del a\u00f1o. Si tienes cualquier duda, sugerencia o comentario sobre nuestro servicio o quieres realizar cualquier tipo de gesti\u00f3n administrativa. Conoce la normativa que regula el servicio de abastecimiento de su municipio. El Reglamento del servicio de abastecimiento de agua potable ordena el servicio p\u00fablico (...)","og_url":"https:\/\/dev-ematsa.6tems.es\/es\/tu-servicio\/","og_site_name":"EMATSA","article_modified_time":"2024-05-28T13:49:54+00:00","twitter_card":"summary_large_image","twitter_misc":{"Tiempo de lectura":"1 minuto"},"schema":{"@context":"https:\/\/schema.org","@graph":[{"@type":"WebPage","@id":"https:\/\/dev-ematsa.6tems.es\/es\/tu-servicio\/","url":"https:\/\/dev-ematsa.6tems.es\/es\/tu-servicio\/","name":"Tu servicio - EMATSA","isPartOf":{"@id":"https:\/\/dev-ematsa.6tems.es\/#website"},"datePublished":"2024-03-08T07:16:36+00:00","dateModified":"2024-05-28T13:49:54+00:00","breadcrumb":{"@id":"https:\/\/dev-ematsa.6tems.es\/es\/tu-servicio\/#breadcrumb"},"inLanguage":"es","potentialAction":[{"@type":"ReadAction","target":["https:\/\/dev-ematsa.6tems.es\/es\/tu-servicio\/"]}]},{"@type":"BreadcrumbList","@id":"https:\/\/dev-ematsa.6tems.es\/es\/tu-servicio\/#breadcrumb","itemListElement":[{"@type":"ListItem","position":1,"name":"Inici","item":"https:\/\/dev-ematsa.6tems.es\/es\/"},{"@type":"ListItem","position":2,"name":"Tu servicio"}]},{"@type":"WebSite","@id":"https:\/\/dev-ematsa.6tems.es\/#website","url":"https:\/\/dev-ematsa.6tems.es\/","name":"EMATSA","description":"","potentialAction":[{"@type":"SearchAction","target":{"@type":"EntryPoint","urlTemplate":"https:\/\/dev-ematsa.6tems.es\/?s={search_term_string}"},"query-input":{"@type":"PropertyValueSpecification","valueRequired":true,"valueName":"search_term_string"}}],"inLanguage":"es"}]}},"_links":{"self":[{"href":"https:\/\/dev-ematsa.6tems.es\/es\/wp-json\/wp\/v2\/pages\/20501","targetHints":{"allow":["GET"]}}],"collection":[{"href":"https:\/\/dev-ematsa.6tems.es\/es\/wp-json\/wp\/v2\/pages"}],"about":[{"href":"https:\/\/dev-ematsa.6tems.es\/es\/wp-json\/wp\/v2\/types\/page"}],"author":[{"embeddable":true,"href":"https:\/\/dev-ematsa.6tems.es\/es\/wp-json\/wp\/v2\/users\/1"}],"replies":[{"embeddable":true,"href":"https:\/\/dev-ematsa.6tems.es\/es\/wp-json\/wp\/v2\/comments?post=20501"}],"version-history":[{"count":1,"href":"https:\/\/dev-ematsa.6tems.es\/es\/wp-json\/wp\/v2\/pages\/20501\/revisions"}],"predecessor-version":[{"id":20504,"href":"https:\/\/dev-ematsa.6tems.es\/es\/wp-json\/wp\/v2\/pages\/20501\/revisions\/20504"}],"wp:attachment":[{"href":"https:\/\/dev-ematsa.6tems.es\/es\/wp-json\/wp\/v2\/media?parent=20501"}],"curies":[{"name":"wp","href":"https:\/\/api.w.org\/{rel}","templated":true}]}}